{"id":1518,"date":"2023-03-07T20:12:06","date_gmt":"2023-03-07T19:12:06","guid":{"rendered":"https:\/\/www.anthonypichon.fr\/?page_id=1518"},"modified":"2025-03-31T16:18:18","modified_gmt":"2025-03-31T14:18:18","slug":"politique-de-gestion-des-cookies","status":"publish","type":"page","link":"https:\/\/www.anthonypichon.fr\/en\/politique-de-gestion-des-cookies\/","title":{"rendered":"Cookie management policy"},"content":{"rendered":"<p>La pr\u00e9sente politique de gestion des cookies explique comment PICHON ANTHONY utilise les cookies et autres technologies similaires sur notre site internet anthonypichon.fr. Cette politique vise \u00e0 vous informer sur les types de cookies que nous utilisons, leurs finalit\u00e9s et comment vous pouvez les g\u00e9rer.<\/p>\n\n\n\n<p>Qu&rsquo;est-ce qu&rsquo;un cookie ?<\/p>\n\n\n\n<p>Un cookie est un petit fichier texte qui est stock\u00e9 sur votre appareil (ordinateur, smartphone, tablette, etc.) lorsque vous visitez un site internet. Les cookies permettent au site de reconna\u00eetre votre appareil et de m\u00e9moriser certaines informations sur vos pr\u00e9f\u00e9rences ou vos actions ant\u00e9rieures.<\/p>\n\n\n\n<p>Types de cookies utilis\u00e9s<\/p>\n\n\n\n<p>Nous utilisons les types de cookies suivants sur notre site :<\/p>\n\n\n\n<p>a. Cookies essentiels : Ces cookies sont n\u00e9cessaires au bon fonctionnement du site internet et vous permettent d&rsquo;acc\u00e9der \u00e0 ses fonctionnalit\u00e9s de base. Ils sont g\u00e9n\u00e9ralement d\u00e9finis en r\u00e9ponse \u00e0 vos actions, telles que la connexion \u00e0 votre compte ou la soumission de formulaires.<\/p>\n\n\n\n<p>b. Cookies de performance : Ces cookies collectent des informations sur la mani\u00e8re dont les visiteurs utilisent notre site, par exemple, les pages les plus visit\u00e9es, les liens sur lesquels les visiteurs cliquent et les messages d&rsquo;erreur \u00e9ventuels. Ces informations nous aident \u00e0 am\u00e9liorer la performance et l&rsquo;exp\u00e9rience utilisateur du site.<\/p>\n\n\n\n<p>c. Cookies de fonctionnalit\u00e9 : Ces cookies permettent au site de se souvenir de vos choix et de fournir des fonctionnalit\u00e9s am\u00e9lior\u00e9es et personnalis\u00e9es. Par exemple, ils peuvent retenir votre nom d&rsquo;utilisateur, vos pr\u00e9f\u00e9rences linguistiques ou votre r\u00e9gion.<\/p>\n\n\n\n<p>d. Cookies publicitaires : Ces cookies sont utilis\u00e9s pour afficher des publicit\u00e9s pertinentes en fonction de vos int\u00e9r\u00eats. Ils permettent \u00e9galement de limiter le nombre de fois o\u00f9 une publicit\u00e9 est affich\u00e9e et aident \u00e0 mesurer l&rsquo;efficacit\u00e9 des campagnes publicitaires.<\/p>\n\n\n\n<p>Consentement \u00e0 l&rsquo;utilisation des cookies<\/p>\n\n\n\n<p>L&rsquo;utilisation de certains cookies, en particulier les cookies publicitaires, est soumise \u00e0 votre consentement pr\u00e9alable. Lorsque vous visitez notre site pour la premi\u00e8re fois, un bandeau d&rsquo;information sur les cookies appara\u00eetra vous demandant d&rsquo;accepter ou de refuser<\/p>","protected":false},"excerpt":{"rendered":"<p>La pr\u00e9sente politique de gestion des cookies explique comment PICHON ANTHONY utilise les cookies et autres technologies similaires sur notre site internet anthonypichon.fr. Cette politique vise \u00e0 vous informer sur les types de cookies que nous utilisons, leurs finalit\u00e9s et comment vous pouvez les g\u00e9rer. Qu&rsquo;est-ce qu&rsquo;un cookie ? Un cookie est un petit fichier [&hellip;]<\/p>\n","protected":false},"author":1,"featured_media":0,"parent":0,"menu_order":0,"comment_status":"closed","ping_status":"closed","template":"","meta":{"_acf_changed":false,"footnotes":""},"class_list":["post-1518","page","type-page","status-publish","hentry"],"acf":[],"_links":{"self":[{"href":"https:\/\/www.anthonypichon.fr\/en\/wp-json\/wp\/v2\/pages\/1518","targetHints":{"allow":["GET"]}}],"collection":[{"href":"https:\/\/www.anthonypichon.fr\/en\/wp-json\/wp\/v2\/pages"}],"about":[{"href":"https:\/\/www.anthonypichon.fr\/en\/wp-json\/wp\/v2\/types\/page"}],"author":[{"embeddable":true,"href":"https:\/\/www.anthonypichon.fr\/en\/wp-json\/wp\/v2\/users\/1"}],"replies":[{"embeddable":true,"href":"https:\/\/www.anthonypichon.fr\/en\/wp-json\/wp\/v2\/comments?post=1518"}],"version-history":[{"count":3,"href":"https:\/\/www.anthonypichon.fr\/en\/wp-json\/wp\/v2\/pages\/1518\/revisions"}],"predecessor-version":[{"id":4716,"href":"https:\/\/www.anthonypichon.fr\/en\/wp-json\/wp\/v2\/pages\/1518\/revisions\/4716"}],"wp:attachment":[{"href":"https:\/\/www.anthonypichon.fr\/en\/wp-json\/wp\/v2\/media?parent=1518"}],"curies":[{"name":"wp","href":"https:\/\/api.w.org\/{rel}","templated":true}]}}