{"id":1520,"date":"2023-03-07T20:13:20","date_gmt":"2023-03-07T19:13:20","guid":{"rendered":"https:\/\/www.anthonypichon.fr\/?page_id=1520"},"modified":"2025-03-31T16:16:54","modified_gmt":"2025-03-31T14:16:54","slug":"mentions-legales","status":"publish","type":"page","link":"https:\/\/www.anthonypichon.fr\/en\/mentions-legales\/","title":{"rendered":"Legal notices"},"content":{"rendered":"\n<p>Derni\u00e8re mise \u00e0 jour : 31\/03\/2025<\/p>\n\n\n\n<p><strong>Informations l\u00e9gales<\/strong><\/p>\n\n\n\n<p>Ce site internet est exploit\u00e9 par PICHON ANTHONY, dont le si\u00e8ge social est situ\u00e9 \u00e0 34 RUE MARCEL PAGNOL, 83340 LE CANNET-DES-MAURES est une soci\u00e9t\u00e9 enregistr\u00e9e sous le num\u00e9ro 91991116400029] et est soumise \u00e0 la lois Francaise.<\/p>\n\n\n\n<p><strong>Responsable de la publication<\/strong><\/p>\n\n\n\n<p>Le responsable de la publication de ce site internet est ANTHONY PICHON en qualit\u00e9 de GERANT. Vous pouvez le contacter \u00e0 l&rsquo;adresse suivante : infos@anthonypichon.fr ou \u00e0 l&rsquo;adresse postale :34 RUE MARCEL PAGNOL, 83340 LE CANNET-DES-MAURES.<\/p>\n\n\n\n<p><strong>H\u00e9bergement<\/strong><\/p>\n\n\n\n<p>Ce site internet est h\u00e9berg\u00e9 par O2SWITCH, dont le si\u00e8ge social est situ\u00e9 \u00e0 CHE DES PARDIAUX, 63000 CLERMONT FERRAND. O2SWITCH est une soci\u00e9t\u00e9 enregistr\u00e9e sous le num\u00e9ro 51090980700032.<\/p>\n\n\n\n<p><strong>Propri\u00e9t\u00e9 intellectuelle<\/strong><\/p>\n\n\n\n<p>Tous les contenus pr\u00e9sents sur ce site internet, y compris, mais sans s&rsquo;y limiter, les textes, les images, les vid\u00e9os, les logos, les graphiques et les \u00e9l\u00e9ments audio, sont la propri\u00e9t\u00e9 exclusive de ANTHONY PICHON ou de ses conc\u00e9dants de licence et sont prot\u00e9g\u00e9s par les lois sur la propri\u00e9t\u00e9 intellectuelle en vigueur. Toute reproduction, distribution, modification ou utilisation non autoris\u00e9e de ces contenus est strictement interdite.<\/p>\n\n\n\n<p><strong>Liens vers des sites tiers<\/strong><\/p>\n\n\n\n<p>Ce site internet peut contenir des liens vers des sites tiers. Ces liens sont fournis uniquement \u00e0 titre informatif et ANTHONY PICHON n&rsquo;exerce aucun contr\u00f4le sur le contenu ou les pratiques de confidentialit\u00e9 de ces sites. Par cons\u00e9quent, ANTHONY PICHON d\u00e9cline toute responsabilit\u00e9 quant aux pratiques de ces sites tiers. Nous vous encourageons \u00e0 lire attentivement les politiques de confidentialit\u00e9 et les mentions l\u00e9gales des sites tiers que vous visitez.<\/p>\n\n\n\n<p><strong>Limitation de responsabilit\u00e9<\/strong><\/p>\n\n\n\n<p>ANTHONY PICHON s&rsquo;efforce de maintenir les informations pr\u00e9sentes sur ce site internet \u00e0 jour et exactes. Cependant, nous ne pouvons garantir l&rsquo;exactitude, l&rsquo;exhaustivit\u00e9 ou la pertinence de ces informations. En cons\u00e9quence, ANTHONY PICHON d\u00e9cline toute responsabilit\u00e9 quant aux \u00e9ventuelles erreurs, omissions ou inexactitudes pr\u00e9sentes sur le site.<\/p>\n\n\n\n<p><strong>Loi applicable et juridiction comp\u00e9tente<\/strong><\/p>\n\n\n\n<p>Les pr\u00e9sentes mentions l\u00e9gales sont r\u00e9gies par [lois applicables]. Tout litige d\u00e9coulant de l&rsquo;utilisation de ce site internet sera soumis \u00e0 la juridiction exclusive des tribunaux comp\u00e9tents de Toulon.<\/p>\n\n\n\n<p><\/p>\n","protected":false},"excerpt":{"rendered":"<p>Derni\u00e8re mise \u00e0 jour : 31\/03\/2025 Informations l\u00e9gales Ce site internet est exploit\u00e9 par PICHON ANTHONY, dont le si\u00e8ge social est situ\u00e9 \u00e0 34 RUE MARCEL PAGNOL, 83340 LE CANNET-DES-MAURES est une soci\u00e9t\u00e9 enregistr\u00e9e sous le num\u00e9ro 91991116400029] et est soumise \u00e0 la lois Francaise. Responsable de la publication Le responsable de la publication de [&hellip;]<\/p>\n","protected":false},"author":1,"featured_media":0,"parent":0,"menu_order":0,"comment_status":"closed","ping_status":"closed","template":"","meta":{"_acf_changed":false,"footnotes":""},"class_list":["post-1520","page","type-page","status-publish","hentry"],"acf":[],"_links":{"self":[{"href":"https:\/\/www.anthonypichon.fr\/en\/wp-json\/wp\/v2\/pages\/1520","targetHints":{"allow":["GET"]}}],"collection":[{"href":"https:\/\/www.anthonypichon.fr\/en\/wp-json\/wp\/v2\/pages"}],"about":[{"href":"https:\/\/www.anthonypichon.fr\/en\/wp-json\/wp\/v2\/types\/page"}],"author":[{"embeddable":true,"href":"https:\/\/www.anthonypichon.fr\/en\/wp-json\/wp\/v2\/users\/1"}],"replies":[{"embeddable":true,"href":"https:\/\/www.anthonypichon.fr\/en\/wp-json\/wp\/v2\/comments?post=1520"}],"version-history":[{"count":3,"href":"https:\/\/www.anthonypichon.fr\/en\/wp-json\/wp\/v2\/pages\/1520\/revisions"}],"predecessor-version":[{"id":4714,"href":"https:\/\/www.anthonypichon.fr\/en\/wp-json\/wp\/v2\/pages\/1520\/revisions\/4714"}],"wp:attachment":[{"href":"https:\/\/www.anthonypichon.fr\/en\/wp-json\/wp\/v2\/media?parent=1520"}],"curies":[{"name":"wp","href":"https:\/\/api.w.org\/{rel}","templated":true}]}}