{"id":283,"date":"2023-01-13T14:11:20","date_gmt":"2023-01-13T13:11:20","guid":{"rendered":"https:\/\/www.anthonypichon.fr\/?page_id=283"},"modified":"2025-07-18T14:58:10","modified_gmt":"2025-07-18T12:58:10","slug":"actualites","status":"publish","type":"page","link":"https:\/\/www.anthonypichon.fr\/en\/actualites\/","title":{"rendered":"News"},"content":{"rendered":"<div data-elementor-type=\"wp-page\" data-elementor-id=\"283\" class=\"elementor elementor-283\" data-elementor-post-type=\"page\">\n\t\t\t\t<div class=\"elementor-element elementor-element-21c06c4 e-con-full e-flex e-con e-parent\" data-id=\"21c06c4\" data-element_type=\"container\" data-e-type=\"container\">\n\t\t\t\t<div class=\"elementor-element elementor-element-e3ab6fb elementor-widget elementor-widget-template\" data-id=\"e3ab6fb\" data-element_type=\"widget\" data-e-type=\"widget\" data-widget_type=\"template.default\">\n\t\t\t\t<div class=\"elementor-widget-container\">\n\t\t\t\t\t\t\t<div class=\"elementor-template\">\n\t\t\t\t\t<div data-elementor-type=\"container\" data-elementor-id=\"3958\" class=\"elementor elementor-3958\" data-elementor-post-type=\"elementor_library\">\n\t\t\t\t<div data-dce-background-overlay-color=\"#000000\" data-dce-background-image-url=\"https:\/\/www.anthonypichon.fr\/wp-content\/uploads\/2025\/07\/IMG_1045.jpg\" class=\"elementor-element elementor-element-4a184396 e-con-full e-flex e-con e-parent\" data-id=\"4a184396\" data-element_type=\"container\" data-e-type=\"container\" data-settings=\"{&quot;background_background&quot;:&quot;classic&quot;}\">\n\t\t<div class=\"elementor-element elementor-element-39740ac5 e-flex e-con-boxed e-con e-child\" data-id=\"39740ac5\" data-element_type=\"container\" data-e-type=\"container\">\n\t\t\t\t\t<div class=\"e-con-inner\">\n\t\t<div class=\"elementor-element elementor-element-7119443e e-con-full e-flex e-con e-child\" data-id=\"7119443e\" data-element_type=\"container\" data-e-type=\"container\">\n\t\t\t\t<div data-dce-text-color=\"#FFFFFF\" class=\"elementor-element elementor-element-264ee8fa elementor-widget elementor-widget-text-editor\" data-id=\"264ee8fa\" data-element_type=\"widget\" data-e-type=\"widget\" data-widget_type=\"text-editor.default\">\n\t\t\t\t<div class=\"elementor-widget-container\">\n\t\t\t\t\t\t\t\t\tDiscover the chef&#039;s latest performances.\t\t\t\t\t\t\t\t<\/div>\n\t\t\t\t<\/div>\n\t\t\t\t<\/div>\n\t\t<div class=\"elementor-element elementor-element-58e72292 e-con-full e-flex e-con e-child\" data-id=\"58e72292\" data-element_type=\"container\" data-e-type=\"container\">\n\t\t\t\t<\/div>\n\t\t\t\t\t<\/div>\n\t\t\t\t<\/div>\n\t\t\t\t<\/div>\n\t\t\t\t<\/div>\n\t\t\t\t<\/div>\n\t\t\t\t\t\t<\/div>\n\t\t\t\t<\/div>\n\t\t\t\t<\/div>\n\t\t<div class=\"elementor-element elementor-element-3b3fc68 e-con-full e-flex e-con e-parent\" data-id=\"3b3fc68\" data-element_type=\"container\" data-e-type=\"container\" data-settings=\"{&quot;background_background&quot;:&quot;classic&quot;}\">\n\t\t\t\t<div class=\"elementor-element elementor-element-b79ced5 elementor-grid-4 elementor-grid-tablet-2 elementor-grid-mobile-1 elementor-posts--thumbnail-top elementor-posts__hover-gradient elementor-widget elementor-widget-posts\" data-id=\"b79ced5\" data-element_type=\"widget\" data-e-type=\"widget\" data-settings=\"{&quot;pagination_type&quot;:&quot;numbers_and_prev_next&quot;,&quot;cards_columns&quot;:&quot;4&quot;,&quot;cards_columns_tablet&quot;:&quot;2&quot;,&quot;cards_columns_mobile&quot;:&quot;1&quot;,&quot;cards_row_gap&quot;:{&quot;unit&quot;:&quot;px&quot;,&quot;size&quot;:35,&quot;sizes&quot;:[]},&quot;cards_row_gap_tablet&quot;:{&quot;unit&quot;:&quot;px&quot;,&quot;size&quot;:&quot;&quot;,&quot;sizes&quot;:[]},&quot;cards_row_gap_mobile&quot;:{&quot;unit&quot;:&quot;px&quot;,&quot;size&quot;:&quot;&quot;,&quot;sizes&quot;:[]}}\" data-widget_type=\"posts.cards\">\n\t\t\t\t<div class=\"elementor-widget-container\">\n\t\t\t\t\t\t\t<div class=\"elementor-posts-container elementor-posts elementor-posts--skin-cards elementor-grid\" role=\"list\">\n\t\t\t\t<article class=\"elementor-post elementor-grid-item post-4780 post type-post status-publish format-standard has-post-thumbnail hentry category-articles\" role=\"listitem\">\n\t\t\t<div class=\"elementor-post__card\">\n\t\t\t\t<a class=\"elementor-post__thumbnail__link\" href=\"https:\/\/www.anthonypichon.fr\/en\/articles\/%e2%9c%a8-et-si-le-plus-beau-souvenir-de-vos-vacances-etait-un-diner-a-domicile\/\" tabindex=\"-1\" ><div class=\"elementor-post__thumbnail\"><img fetchpriority=\"high\" decoding=\"async\" width=\"591\" height=\"822\" src=\"https:\/\/www.anthonypichon.fr\/wp-content\/uploads\/2025\/05\/table-sainte-maxime-chef.jpg\" class=\"attachment-full size-full wp-image-4785\" alt=\"table sainte maxime chef\" srcset=\"https:\/\/www.anthonypichon.fr\/wp-content\/uploads\/2025\/05\/table-sainte-maxime-chef.jpg 591w, https:\/\/www.anthonypichon.fr\/wp-content\/uploads\/2025\/05\/table-sainte-maxime-chef-216x300.jpg 216w, https:\/\/www.anthonypichon.fr\/wp-content\/uploads\/2025\/05\/table-sainte-maxime-chef-9x12.jpg 9w\" sizes=\"(max-width: 591px) 100vw, 591px\" \/><\/div><\/a>\n\t\t\t\t<div class=\"elementor-post__text\">\n\t\t\t\t<h3 class=\"elementor-post__title\">\n\t\t\t<a href=\"https:\/\/www.anthonypichon.fr\/en\/articles\/%e2%9c%a8-et-si-le-plus-beau-souvenir-de-vos-vacances-etait-un-diner-a-domicile\/\" >\n\t\t\t\tEt si le plus beau souvenir de vos vacances \u00e9tait un d\u00eener \u00e0 domicile ?\t\t\t<\/a>\n\t\t<\/h3>\n\t\t\t\t<div class=\"elementor-post__excerpt\">\n\t\t\t<p>On revient rarement d\u2019un voyage en parlant de la m\u00e9t\u00e9o.On parle de ce qui nous a \u00e9mus, surpris, \u00e9merveill\u00e9s.Et souvent\u2026 cela commence autour d\u2019une table.<\/p>\n\t\t<\/div>\n\t\t\n\t\t<a class=\"elementor-post__read-more\" href=\"https:\/\/www.anthonypichon.fr\/en\/articles\/%e2%9c%a8-et-si-le-plus-beau-souvenir-de-vos-vacances-etait-un-diner-a-domicile\/\" aria-label=\"Read more about Et si le plus beau souvenir de vos vacances \u00e9tait un d\u00eener \u00e0 domicile ?\" tabindex=\"-1\" >\n\t\t\tRead more \u00bb\t\t<\/a>\n\n\t\t\t\t<\/div>\n\t\t\t\t<div class=\"elementor-post__meta-data\">\n\t\t\t\t\t<span class=\"elementor-post-date\">\n\t\t\t11 May 2025\t\t<\/span>\n\t\t\t\t<\/div>\n\t\t\t\t\t<\/div>\n\t\t<\/article>\n\t\t\t\t<article class=\"elementor-post elementor-grid-item post-4776 post type-post status-publish format-standard has-post-thumbnail hentry category-articles\" role=\"listitem\">\n\t\t\t<div class=\"elementor-post__card\">\n\t\t\t\t<a class=\"elementor-post__thumbnail__link\" href=\"https:\/\/www.anthonypichon.fr\/en\/articles\/dans-les-coulisses-dun-diner-dexception-une-journee-dans-la-peau-dun-chef-a-domicile-sur-la-cote-dazur\/\" tabindex=\"-1\" ><div class=\"elementor-post__thumbnail\"><img decoding=\"async\" width=\"769\" height=\"1025\" src=\"https:\/\/www.anthonypichon.fr\/wp-content\/uploads\/2025\/03\/anthony-pichon-chef-cuisine-Copie.jpg\" class=\"attachment-full size-full wp-image-4334\" alt=\"Anthony Pichon, chef\" srcset=\"https:\/\/www.anthonypichon.fr\/wp-content\/uploads\/2025\/03\/anthony-pichon-chef-cuisine-Copie.jpg 769w, https:\/\/www.anthonypichon.fr\/wp-content\/uploads\/2025\/03\/anthony-pichon-chef-cuisine-Copie-225x300.jpg 225w\" sizes=\"(max-width: 769px) 100vw, 769px\" \/><\/div><\/a>\n\t\t\t\t<div class=\"elementor-post__text\">\n\t\t\t\t<h3 class=\"elementor-post__title\">\n\t\t\t<a href=\"https:\/\/www.anthonypichon.fr\/en\/articles\/dans-les-coulisses-dun-diner-dexception-une-journee-dans-la-peau-dun-chef-a-domicile-sur-la-cote-dazur\/\" >\n\t\t\t\tDans les coulisses d\u2019un d\u00eener d\u2019exception : une journ\u00e9e dans la peau d\u2019un chef \u00e0 domicile sur la C\u00f4te d\u2019Azur\t\t\t<\/a>\n\t\t<\/h3>\n\t\t\t\t<div class=\"elementor-post__excerpt\">\n\t\t\t<p>Quand les invit\u00e9s s\u2019installent \u00e0 table, les verres brillants, les plats d\u00e9licatement dress\u00e9s et les sourires d\u00e9j\u00e0 au rendez-vous, ils ne voient qu\u2019un moment magique.<\/p>\n\t\t<\/div>\n\t\t\n\t\t<a class=\"elementor-post__read-more\" href=\"https:\/\/www.anthonypichon.fr\/en\/articles\/dans-les-coulisses-dun-diner-dexception-une-journee-dans-la-peau-dun-chef-a-domicile-sur-la-cote-dazur\/\" aria-label=\"Read more about Dans les coulisses d\u2019un d\u00eener d\u2019exception : une journ\u00e9e dans la peau d\u2019un chef \u00e0 domicile sur la C\u00f4te d\u2019Azur\" tabindex=\"-1\" >\n\t\t\tRead more \u00bb\t\t<\/a>\n\n\t\t\t\t<\/div>\n\t\t\t\t<div class=\"elementor-post__meta-data\">\n\t\t\t\t\t<span class=\"elementor-post-date\">\n\t\t\t6 May 2025\t\t<\/span>\n\t\t\t\t<\/div>\n\t\t\t\t\t<\/div>\n\t\t<\/article>\n\t\t\t\t<article class=\"elementor-post elementor-grid-item post-4773 post type-post status-publish format-standard has-post-thumbnail hentry category-articles\" role=\"listitem\">\n\t\t\t<div class=\"elementor-post__card\">\n\t\t\t\t<a class=\"elementor-post__thumbnail__link\" href=\"https:\/\/www.anthonypichon.fr\/en\/articles\/un-chef-a-domicile-sur-la-cote-dazur-ce-nest-pas-hors-de-prix-cest-une-vraie-bonne-idee\/\" tabindex=\"-1\" ><div class=\"elementor-post__thumbnail\"><img decoding=\"async\" width=\"750\" height=\"735\" src=\"https:\/\/www.anthonypichon.fr\/wp-content\/uploads\/2025\/04\/IMG_1045.jpg\" class=\"attachment-full size-full wp-image-4761\" alt=\"private chef fine dining\" srcset=\"https:\/\/www.anthonypichon.fr\/wp-content\/uploads\/2025\/04\/IMG_1045.jpg 750w, https:\/\/www.anthonypichon.fr\/wp-content\/uploads\/2025\/04\/IMG_1045-300x294.jpg 300w, https:\/\/www.anthonypichon.fr\/wp-content\/uploads\/2025\/04\/IMG_1045-12x12.jpg 12w\" sizes=\"(max-width: 750px) 100vw, 750px\" \/><\/div><\/a>\n\t\t\t\t<div class=\"elementor-post__text\">\n\t\t\t\t<h3 class=\"elementor-post__title\">\n\t\t\t<a href=\"https:\/\/www.anthonypichon.fr\/en\/articles\/un-chef-a-domicile-sur-la-cote-dazur-ce-nest-pas-hors-de-prix-cest-une-vraie-bonne-idee\/\" >\n\t\t\t\tUn chef \u00e0 domicile sur la C\u00f4te d\u2019Azur, ce n\u2019est pas hors de prix \u2014 c\u2019est une vraie bonne id\u00e9e\t\t\t<\/a>\n\t\t<\/h3>\n\t\t\t\t<div class=\"elementor-post__excerpt\">\n\t\t\t<p>Faire appel \u00e0 un chef \u00e0 domicile peut sembler r\u00e9serv\u00e9 \u00e0 une \u00e9lite.&nbsp; Pourtant, cette prestation s\u2019av\u00e8re aujourd\u2019hui bien plus accessible qu\u2019on ne l\u2019imagine, surtout<\/p>\n\t\t<\/div>\n\t\t\n\t\t<a class=\"elementor-post__read-more\" href=\"https:\/\/www.anthonypichon.fr\/en\/articles\/un-chef-a-domicile-sur-la-cote-dazur-ce-nest-pas-hors-de-prix-cest-une-vraie-bonne-idee\/\" aria-label=\"Read more about Un chef \u00e0 domicile sur la C\u00f4te d\u2019Azur, ce n\u2019est pas hors de prix \u2014 c\u2019est une vraie bonne id\u00e9e\" tabindex=\"-1\" >\n\t\t\tRead more \u00bb\t\t<\/a>\n\n\t\t\t\t<\/div>\n\t\t\t\t<div class=\"elementor-post__meta-data\">\n\t\t\t\t\t<span class=\"elementor-post-date\">\n\t\t\t30 April 2025\t\t<\/span>\n\t\t\t\t<\/div>\n\t\t\t\t\t<\/div>\n\t\t<\/article>\n\t\t\t\t<article class=\"elementor-post elementor-grid-item post-4766 post type-post status-publish format-standard has-post-thumbnail hentry category-articles\" role=\"listitem\">\n\t\t\t<div class=\"elementor-post__card\">\n\t\t\t\t<a class=\"elementor-post__thumbnail__link\" href=\"https:\/\/www.anthonypichon.fr\/en\/articles\/repas-a-domicile-a-sainte-maxime-pour-un-enterrement-de-vie-de-jeune-fille-inoubliable\/\" tabindex=\"-1\" ><div class=\"elementor-post__thumbnail\"><img loading=\"lazy\" decoding=\"async\" width=\"2560\" height=\"1920\" src=\"https:\/\/www.anthonypichon.fr\/wp-content\/uploads\/2025\/04\/chef-a-domicile-sainte-maxime-scaled.jpg\" class=\"attachment-full size-full wp-image-4767\" alt=\"evjf sainte maxime\" srcset=\"https:\/\/www.anthonypichon.fr\/wp-content\/uploads\/2025\/04\/chef-a-domicile-sainte-maxime-scaled.jpg 2560w, https:\/\/www.anthonypichon.fr\/wp-content\/uploads\/2025\/04\/chef-a-domicile-sainte-maxime-300x225.jpg 300w, https:\/\/www.anthonypichon.fr\/wp-content\/uploads\/2025\/04\/chef-a-domicile-sainte-maxime-1024x768.jpg 1024w, https:\/\/www.anthonypichon.fr\/wp-content\/uploads\/2025\/04\/chef-a-domicile-sainte-maxime-768x576.jpg 768w, https:\/\/www.anthonypichon.fr\/wp-content\/uploads\/2025\/04\/chef-a-domicile-sainte-maxime-1536x1152.jpg 1536w, https:\/\/www.anthonypichon.fr\/wp-content\/uploads\/2025\/04\/chef-a-domicile-sainte-maxime-2048x1536.jpg 2048w, https:\/\/www.anthonypichon.fr\/wp-content\/uploads\/2025\/04\/chef-a-domicile-sainte-maxime-16x12.jpg 16w\" sizes=\"(max-width: 2560px) 100vw, 2560px\" \/><\/div><\/a>\n\t\t\t\t<div class=\"elementor-post__text\">\n\t\t\t\t<h3 class=\"elementor-post__title\">\n\t\t\t<a href=\"https:\/\/www.anthonypichon.fr\/en\/articles\/repas-a-domicile-a-sainte-maxime-pour-un-enterrement-de-vie-de-jeune-fille-inoubliable\/\" >\n\t\t\t\tEVJF Sainte-Maxime\t\t\t<\/a>\n\t\t<\/h3>\n\t\t\t\t<div class=\"elementor-post__excerpt\">\n\t\t\t<p>Un moment chic, convivial et sans stress L\u2019EVJF, c\u2019est le moment parfait pour c\u00e9l\u00e9brer l\u2019amiti\u00e9, la complicit\u00e9 et le plaisir d\u2019\u00eatre ensemble avant le grand<\/p>\n\t\t<\/div>\n\t\t\n\t\t<a class=\"elementor-post__read-more\" href=\"https:\/\/www.anthonypichon.fr\/en\/articles\/repas-a-domicile-a-sainte-maxime-pour-un-enterrement-de-vie-de-jeune-fille-inoubliable\/\" aria-label=\"Read more about EVJF Sainte-Maxime\" tabindex=\"-1\" >\n\t\t\tRead more \u00bb\t\t<\/a>\n\n\t\t\t\t<\/div>\n\t\t\t\t<div class=\"elementor-post__meta-data\">\n\t\t\t\t\t<span class=\"elementor-post-date\">\n\t\t\t29 April 2025\t\t<\/span>\n\t\t\t\t<\/div>\n\t\t\t\t\t<\/div>\n\t\t<\/article>\n\t\t\t\t<\/div>\n\t\t\n\t\t\t\t<div class=\"e-load-more-anchor\" data-page=\"1\" data-max-page=\"3\" data-next-page=\"https:\/\/www.anthonypichon.fr\/wp-json\/wp\/v2\/pages\/283\/page\/2\/\"><\/div>\n\t\t\t\t<nav class=\"elementor-pagination\" aria-label=\"Pagination\">\n\t\t\t<span class=\"page-numbers prev\">&quot; Previous<\/span>\n<span aria-current=\"page\" class=\"page-numbers current\"><span class=\"elementor-screen-only\">Page<\/span>1<\/span>\n<a class=\"page-numbers\" href=\"https:\/\/www.anthonypichon.fr\/wp-json\/wp\/v2\/pages\/283\/page\/2\/\"><span class=\"elementor-screen-only\">Page<\/span>2<\/a>\n<a class=\"page-numbers\" href=\"https:\/\/www.anthonypichon.fr\/wp-json\/wp\/v2\/pages\/283\/page\/3\/\"><span class=\"elementor-screen-only\">Page<\/span>3<\/a>\n<a class=\"page-numbers next\" href=\"https:\/\/www.anthonypichon.fr\/wp-json\/wp\/v2\/pages\/283\/page\/2\/\">Following &quot;<\/a>\t\t<\/nav>\n\t\t\t\t\t\t<\/div>\n\t\t\t\t<\/div>\n\t\t\t\t<\/div>\n\t\t\t\t<\/div>","protected":false},"excerpt":{"rendered":"<p>Discover the chef&#039;s latest performances.<\/p>","protected":false},"author":1,"featured_media":4821,"parent":0,"menu_order":0,"comment_status":"closed","ping_status":"closed","template":"elementor_header_footer","meta":{"_acf_changed":false,"footnotes":""},"class_list":["post-283","page","type-page","status-publish","has-post-thumbnail","hentry"],"acf":[],"_links":{"self":[{"href":"https:\/\/www.anthonypichon.fr\/en\/wp-json\/wp\/v2\/pages\/283","targetHints":{"allow":["GET"]}}],"collection":[{"href":"https:\/\/www.anthonypichon.fr\/en\/wp-json\/wp\/v2\/pages"}],"about":[{"href":"https:\/\/www.anthonypichon.fr\/en\/wp-json\/wp\/v2\/types\/page"}],"author":[{"embeddable":true,"href":"https:\/\/www.anthonypichon.fr\/en\/wp-json\/wp\/v2\/users\/1"}],"replies":[{"embeddable":true,"href":"https:\/\/www.anthonypichon.fr\/en\/wp-json\/wp\/v2\/comments?post=283"}],"version-history":[{"count":38,"href":"https:\/\/www.anthonypichon.fr\/en\/wp-json\/wp\/v2\/pages\/283\/revisions"}],"predecessor-version":[{"id":4879,"href":"https:\/\/www.anthonypichon.fr\/en\/wp-json\/wp\/v2\/pages\/283\/revisions\/4879"}],"wp:featuredmedia":[{"embeddable":true,"href":"https:\/\/www.anthonypichon.fr\/en\/wp-json\/wp\/v2\/media\/4821"}],"wp:attachment":[{"href":"https:\/\/www.anthonypichon.fr\/en\/wp-json\/wp\/v2\/media?parent=283"}],"curies":[{"name":"wp","href":"https:\/\/api.w.org\/{rel}","templated":true}]}}