{"id":3896,"date":"2025-03-27T14:15:39","date_gmt":"2025-03-27T13:15:39","guid":{"rendered":"https:\/\/www.anthonypichon.fr\/?page_id=3896"},"modified":"2026-05-04T13:42:16","modified_gmt":"2026-05-04T11:42:16","slug":"menus","status":"publish","type":"page","link":"https:\/\/www.anthonypichon.fr\/en\/menus\/","title":{"rendered":"Menus"},"content":{"rendered":"<div data-elementor-type=\"wp-page\" data-elementor-id=\"3896\" class=\"elementor elementor-3896\" data-elementor-post-type=\"page\">\n\t\t\t\t<div data-dce-background-overlay-color=\"#000000\" data-dce-background-image-url=\"https:\/\/www.anthonypichon.fr\/wp-content\/uploads\/2025\/03\/IMG_1045.jpg\" class=\"elementor-element elementor-element-943a28e e-flex e-con-boxed e-con e-parent\" data-id=\"943a28e\" data-element_type=\"container\" data-e-type=\"container\" data-settings=\"{&quot;background_background&quot;:&quot;classic&quot;}\">\n\t\t\t\t\t<div class=\"e-con-inner\">\n\t\t<div class=\"elementor-element elementor-element-5a37d02 e-con-full e-flex e-con e-child\" data-id=\"5a37d02\" data-element_type=\"container\" data-e-type=\"container\">\n\t\t<div class=\"elementor-element elementor-element-4dede90 e-con-full e-flex e-con e-child\" data-id=\"4dede90\" data-element_type=\"container\" data-e-type=\"container\">\n\t\t\t\t<div data-dce-text-color=\"#FFFFFF\" class=\"elementor-element elementor-element-e029bc0 elementor-widget elementor-widget-text-editor\" data-id=\"e029bc0\" data-element_type=\"widget\" data-e-type=\"widget\" data-widget_type=\"text-editor.default\">\n\t\t\t\t<div class=\"elementor-widget-container\">\n\t\t\t\t\t\t\t\t\t<p>From the refinement of a Discovery menu to the richness of a Prestige menu, the chef offers creative and precise cuisine, always guided by the inspiration of the moment and the quality of the products.<\/p>\t\t\t\t\t\t\t\t<\/div>\n\t\t\t\t<\/div>\n\t\t\t\t<\/div>\n\t\t\t\t<\/div>\n\t\t\t\t\t<\/div>\n\t\t\t\t<\/div>\n\t\t<div class=\"elementor-element elementor-element-c2cfad9 e-flex e-con-boxed e-con e-parent\" data-id=\"c2cfad9\" data-element_type=\"container\" data-e-type=\"container\">\n\t\t\t\t\t<div class=\"e-con-inner\">\n\t\t<div class=\"elementor-element elementor-element-05de8fa e-con-full e-flex e-con e-child\" data-id=\"05de8fa\" data-element_type=\"container\" data-e-type=\"container\">\n\t\t\t\t<div class=\"elementor-element elementor-element-f919c27 elementor-widget elementor-widget-heading\" data-id=\"f919c27\" data-element_type=\"widget\" data-e-type=\"widget\" data-widget_type=\"heading.default\">\n\t\t\t\t<div class=\"elementor-widget-container\">\n\t\t\t\t\t<h2 class=\"elementor-heading-title elementor-size-default\">\/ Menu <br> Discovery<\/h2>\t\t\t\t<\/div>\n\t\t\t\t<\/div>\n\t\t\t\t<div class=\"elementor-element elementor-element-c749f1e elementor-widget elementor-widget-text-editor\" data-id=\"c749f1e\" data-element_type=\"widget\" data-e-type=\"widget\" data-widget_type=\"text-editor.default\">\n\t\t\t\t<div class=\"elementor-widget-container\">\n\t\t\t\t\t\t\t\t\t<p>Entrance <br \/>Flat<br \/>Dessert<\/p>\t\t\t\t\t\t\t\t<\/div>\n\t\t\t\t<\/div>\n\t\t\t\t<div class=\"elementor-element elementor-element-6f65992 elementor-widget elementor-widget-text-editor\" data-id=\"6f65992\" data-element_type=\"widget\" data-e-type=\"widget\" data-widget_type=\"text-editor.default\">\n\t\t\t\t<div class=\"elementor-widget-container\">\n\t\t\t\t\t\t\t\t\t<p>A refined menu to taste the essentials: the precision of flavors, the finesse of combinations, and the inspiration of the moment.<\/p>\t\t\t\t\t\t\t\t<\/div>\n\t\t\t\t<\/div>\n\t\t\t\t<div class=\"elementor-element elementor-element-a0ca488 elementor-widget elementor-widget-spacer\" data-id=\"a0ca488\" data-element_type=\"widget\" data-e-type=\"widget\" data-widget_type=\"spacer.default\">\n\t\t\t\t<div class=\"elementor-widget-container\">\n\t\t\t\t\t\t\t<div class=\"elementor-spacer\">\n\t\t\t<div class=\"elementor-spacer-inner\"><\/div>\n\t\t<\/div>\n\t\t\t\t\t\t<\/div>\n\t\t\t\t<\/div>\n\t\t\t\t<\/div>\n\t\t<div class=\"elementor-element elementor-element-199eb65 e-con-full e-flex e-con e-child\" data-id=\"199eb65\" data-element_type=\"container\" data-e-type=\"container\">\n\t\t\t\t<div class=\"elementor-element elementor-element-3b9bed0 elementor-widget elementor-widget-menu-anchor\" data-id=\"3b9bed0\" data-element_type=\"widget\" data-e-type=\"widget\" data-widget_type=\"menu-anchor.default\">\n\t\t\t\t<div class=\"elementor-widget-container\">\n\t\t\t\t\t\t\t<div class=\"elementor-menu-anchor\" id=\"decouverte\"><\/div>\n\t\t\t\t\t\t<\/div>\n\t\t\t\t<\/div>\n\t\t\t\t<div class=\"elementor-element elementor-element-6d09485 dce_masking-none elementor-widget elementor-widget-image\" data-id=\"6d09485\" data-element_type=\"widget\" data-e-type=\"widget\" data-widget_type=\"image.default\">\n\t\t\t\t<div class=\"elementor-widget-container\">\n\t\t\t\t\t\t\t\t\t\t\t\t\t\t\t<img fetchpriority=\"high\" decoding=\"async\" width=\"750\" height=\"735\" src=\"https:\/\/www.anthonypichon.fr\/wp-content\/uploads\/2025\/04\/IMG_1045.jpg\" class=\"attachment-full size-full wp-image-4761\" alt=\"private chef fine dining\" srcset=\"https:\/\/www.anthonypichon.fr\/wp-content\/uploads\/2025\/04\/IMG_1045.jpg 750w, https:\/\/www.anthonypichon.fr\/wp-content\/uploads\/2025\/04\/IMG_1045-300x294.jpg 300w, https:\/\/www.anthonypichon.fr\/wp-content\/uploads\/2025\/04\/IMG_1045-12x12.jpg 12w\" sizes=\"(max-width: 750px) 100vw, 750px\" \/>\t\t\t\t\t\t\t\t\t\t\t\t\t\t\t<\/div>\n\t\t\t\t<\/div>\n\t\t\t\t<\/div>\n\t\t\t\t\t<\/div>\n\t\t\t\t<\/div>\n\t\t<div class=\"elementor-element elementor-element-1e53d56 e-flex e-con-boxed e-con e-parent\" data-id=\"1e53d56\" data-element_type=\"container\" data-e-type=\"container\">\n\t\t\t\t\t<div class=\"e-con-inner\">\n\t\t<div class=\"elementor-element elementor-element-6d56452 e-con-full e-flex e-con e-child\" data-id=\"6d56452\" data-element_type=\"container\" data-e-type=\"container\">\n\t\t\t\t<div class=\"elementor-element elementor-element-d6206b4 elementor-widget elementor-widget-heading\" data-id=\"d6206b4\" data-element_type=\"widget\" data-e-type=\"widget\" data-widget_type=\"heading.default\">\n\t\t\t\t<div class=\"elementor-widget-container\">\n\t\t\t\t\t<h2 class=\"elementor-heading-title elementor-size-default\">\/ Menu <br> Inspiration<\/h2>\t\t\t\t<\/div>\n\t\t\t\t<\/div>\n\t\t\t\t<div class=\"elementor-element elementor-element-2402973 elementor-widget elementor-widget-text-editor\" data-id=\"2402973\" data-element_type=\"widget\" data-e-type=\"widget\" data-widget_type=\"text-editor.default\">\n\t\t\t\t<div class=\"elementor-widget-container\">\n\t\t\t\t\t\t\t\t\t<p>A more generous experience, driven by the chef&#039;s creativity and carefully selected products.<\/p>\t\t\t\t\t\t\t\t<\/div>\n\t\t\t\t<\/div>\n\t\t\t\t<div class=\"elementor-element elementor-element-8b466af elementor-widget elementor-widget-text-editor\" data-id=\"8b466af\" data-element_type=\"widget\" data-e-type=\"widget\" data-widget_type=\"text-editor.default\">\n\t\t\t\t<div class=\"elementor-widget-container\">\n\t\t\t\t\t\t\t\t\t<p>Appetizers<br \/>Entrance<br \/>Flat<br \/>Dessert<\/p>\t\t\t\t\t\t\t\t<\/div>\n\t\t\t\t<\/div>\n\t\t\t\t<div class=\"elementor-element elementor-element-16b9bf7 elementor-widget elementor-widget-spacer\" data-id=\"16b9bf7\" data-element_type=\"widget\" data-e-type=\"widget\" data-widget_type=\"spacer.default\">\n\t\t\t\t<div class=\"elementor-widget-container\">\n\t\t\t\t\t\t\t<div class=\"elementor-spacer\">\n\t\t\t<div class=\"elementor-spacer-inner\"><\/div>\n\t\t<\/div>\n\t\t\t\t\t\t<\/div>\n\t\t\t\t<\/div>\n\t\t\t\t<\/div>\n\t\t<div class=\"elementor-element elementor-element-dbe3a24 e-con-full e-flex e-con e-child\" data-id=\"dbe3a24\" data-element_type=\"container\" data-e-type=\"container\">\n\t\t\t\t<div class=\"elementor-element elementor-element-0018a65 elementor-widget elementor-widget-menu-anchor\" data-id=\"0018a65\" data-element_type=\"widget\" data-e-type=\"widget\" data-widget_type=\"menu-anchor.default\">\n\t\t\t\t<div class=\"elementor-widget-container\">\n\t\t\t\t\t\t\t<div class=\"elementor-menu-anchor\" id=\"inspiration\"><\/div>\n\t\t\t\t\t\t<\/div>\n\t\t\t\t<\/div>\n\t\t\t\t<div class=\"elementor-element elementor-element-760cd6f dce_masking-none elementor-widget elementor-widget-image\" data-id=\"760cd6f\" data-element_type=\"widget\" data-e-type=\"widget\" data-widget_type=\"image.default\">\n\t\t\t\t<div class=\"elementor-widget-container\">\n\t\t\t\t\t\t\t\t\t\t\t\t\t\t\t<img decoding=\"async\" width=\"626\" height=\"782\" src=\"https:\/\/www.anthonypichon.fr\/wp-content\/uploads\/2025\/07\/foie-gras-poele-salsifi.jpeg\" class=\"attachment-full size-full wp-image-4820\" alt=\"Chef at home menu\" srcset=\"https:\/\/www.anthonypichon.fr\/wp-content\/uploads\/2025\/07\/foie-gras-poele-salsifi.jpeg 626w, https:\/\/www.anthonypichon.fr\/wp-content\/uploads\/2025\/07\/foie-gras-poele-salsifi-240x300.jpeg 240w, https:\/\/www.anthonypichon.fr\/wp-content\/uploads\/2025\/07\/foie-gras-poele-salsifi-10x12.jpeg 10w\" sizes=\"(max-width: 626px) 100vw, 626px\" \/>\t\t\t\t\t\t\t\t\t\t\t\t\t\t\t<\/div>\n\t\t\t\t<\/div>\n\t\t\t\t<\/div>\n\t\t\t\t\t<\/div>\n\t\t\t\t<\/div>\n\t\t<div class=\"elementor-element elementor-element-c338ab1 e-flex e-con-boxed e-con e-parent\" data-id=\"c338ab1\" data-element_type=\"container\" data-e-type=\"container\">\n\t\t\t\t\t<div class=\"e-con-inner\">\n\t\t<div class=\"elementor-element elementor-element-203241a e-con-full e-flex e-con e-child\" data-id=\"203241a\" data-element_type=\"container\" data-e-type=\"container\">\n\t\t\t\t<div class=\"elementor-element elementor-element-77fa0b2 elementor-widget elementor-widget-heading\" data-id=\"77fa0b2\" data-element_type=\"widget\" data-e-type=\"widget\" data-widget_type=\"heading.default\">\n\t\t\t\t<div class=\"elementor-widget-container\">\n\t\t\t\t\t<h2 class=\"elementor-heading-title elementor-size-default\">\/ Menu <br> Gastronomy<\/h2>\t\t\t\t<\/div>\n\t\t\t\t<\/div>\n\t\t\t\t<div class=\"elementor-element elementor-element-c08b432 elementor-widget elementor-widget-text-editor\" data-id=\"c08b432\" data-element_type=\"widget\" data-e-type=\"widget\" data-widget_type=\"text-editor.default\">\n\t\t\t\t<div class=\"elementor-widget-container\">\n\t\t\t\t\t\t\t\t\t<p>A complete, rich and elegant menu, designed for lovers of fine cuisine and gourmet pleasures.<\/p>\t\t\t\t\t\t\t\t<\/div>\n\t\t\t\t<\/div>\n\t\t\t\t<div class=\"elementor-element elementor-element-9ba06a5 elementor-widget elementor-widget-text-editor\" data-id=\"9ba06a5\" data-element_type=\"widget\" data-e-type=\"widget\" data-widget_type=\"text-editor.default\">\n\t\t\t\t<div class=\"elementor-widget-container\">\n\t\t\t\t\t\t\t\t\t<p>Appetizers<br \/>Entrance<br \/>Entrance<br \/>Flat<br \/>Dessert<\/p>\t\t\t\t\t\t\t\t<\/div>\n\t\t\t\t<\/div>\n\t\t\t\t<div class=\"elementor-element elementor-element-d022e31 elementor-widget elementor-widget-spacer\" data-id=\"d022e31\" data-element_type=\"widget\" data-e-type=\"widget\" data-widget_type=\"spacer.default\">\n\t\t\t\t<div class=\"elementor-widget-container\">\n\t\t\t\t\t\t\t<div class=\"elementor-spacer\">\n\t\t\t<div class=\"elementor-spacer-inner\"><\/div>\n\t\t<\/div>\n\t\t\t\t\t\t<\/div>\n\t\t\t\t<\/div>\n\t\t\t\t<\/div>\n\t\t<div class=\"elementor-element elementor-element-e47cc95 e-con-full e-flex e-con e-child\" data-id=\"e47cc95\" data-element_type=\"container\" data-e-type=\"container\">\n\t\t\t\t<div class=\"elementor-element elementor-element-e69adfb elementor-widget elementor-widget-menu-anchor\" data-id=\"e69adfb\" data-element_type=\"widget\" data-e-type=\"widget\" data-widget_type=\"menu-anchor.default\">\n\t\t\t\t<div class=\"elementor-widget-container\">\n\t\t\t\t\t\t\t<div class=\"elementor-menu-anchor\" id=\"gastronomique\"><\/div>\n\t\t\t\t\t\t<\/div>\n\t\t\t\t<\/div>\n\t\t\t\t<div class=\"elementor-element elementor-element-151d9f8 dce_masking-none elementor-widget elementor-widget-image\" data-id=\"151d9f8\" data-element_type=\"widget\" data-e-type=\"widget\" data-widget_type=\"image.default\">\n\t\t\t\t<div class=\"elementor-widget-container\">\n\t\t\t\t\t\t\t\t\t\t\t\t\t\t\t<img decoding=\"async\" width=\"735\" height=\"735\" src=\"https:\/\/www.anthonypichon.fr\/wp-content\/uploads\/2025\/07\/B095A65F-6D3F-406E-9F3B-CDB53CD5D529.jpg\" class=\"attachment-full size-full wp-image-4822\" alt=\"private chef French Riviera\" srcset=\"https:\/\/www.anthonypichon.fr\/wp-content\/uploads\/2025\/07\/B095A65F-6D3F-406E-9F3B-CDB53CD5D529.jpg 735w, https:\/\/www.anthonypichon.fr\/wp-content\/uploads\/2025\/07\/B095A65F-6D3F-406E-9F3B-CDB53CD5D529-300x300.jpg 300w, https:\/\/www.anthonypichon.fr\/wp-content\/uploads\/2025\/07\/B095A65F-6D3F-406E-9F3B-CDB53CD5D529-150x150.jpg 150w, https:\/\/www.anthonypichon.fr\/wp-content\/uploads\/2025\/07\/B095A65F-6D3F-406E-9F3B-CDB53CD5D529-12x12.jpg 12w\" sizes=\"(max-width: 735px) 100vw, 735px\" \/>\t\t\t\t\t\t\t\t\t\t\t\t\t\t\t<\/div>\n\t\t\t\t<\/div>\n\t\t\t\t<\/div>\n\t\t\t\t\t<\/div>\n\t\t\t\t<\/div>\n\t\t<div class=\"elementor-element elementor-element-4b696f4 e-flex e-con-boxed e-con e-parent\" data-id=\"4b696f4\" data-element_type=\"container\" data-e-type=\"container\">\n\t\t\t\t\t<div class=\"e-con-inner\">\n\t\t<div class=\"elementor-element elementor-element-79cefb0 e-con-full e-flex e-con e-child\" data-id=\"79cefb0\" data-element_type=\"container\" data-e-type=\"container\">\n\t\t\t\t<div class=\"elementor-element elementor-element-09dff47 elementor-widget elementor-widget-heading\" data-id=\"09dff47\" data-element_type=\"widget\" data-e-type=\"widget\" data-widget_type=\"heading.default\">\n\t\t\t\t<div class=\"elementor-widget-container\">\n\t\t\t\t\t<h2 class=\"elementor-heading-title elementor-size-default\">\/ Menu <br> Prestige<\/h2>\t\t\t\t<\/div>\n\t\t\t\t<\/div>\n\t\t\t\t<div class=\"elementor-element elementor-element-11a3b2c elementor-widget elementor-widget-text-editor\" data-id=\"11a3b2c\" data-element_type=\"widget\" data-e-type=\"widget\" data-widget_type=\"text-editor.default\">\n\t\t\t\t<div class=\"elementor-widget-container\">\n\t\t\t\t\t\t\t\t\t<p>An exceptional offering, where the chef displays all his expertise in refined creations and subtle pairings.<\/p>\t\t\t\t\t\t\t\t<\/div>\n\t\t\t\t<\/div>\n\t\t\t\t<div class=\"elementor-element elementor-element-ecd3a3e elementor-widget elementor-widget-text-editor\" data-id=\"ecd3a3e\" data-element_type=\"widget\" data-e-type=\"widget\" data-widget_type=\"text-editor.default\">\n\t\t\t\t<div class=\"elementor-widget-container\">\n\t\t\t\t\t\t\t\t\t<p>Appetizers<br \/>Entrance<br \/>Entrance<br \/>Flat<br \/>Flat<br \/>Dessert<\/p>\t\t\t\t\t\t\t\t<\/div>\n\t\t\t\t<\/div>\n\t\t\t\t<div class=\"elementor-element elementor-element-5bdb1d4 elementor-widget elementor-widget-spacer\" data-id=\"5bdb1d4\" data-element_type=\"widget\" data-e-type=\"widget\" data-widget_type=\"spacer.default\">\n\t\t\t\t<div class=\"elementor-widget-container\">\n\t\t\t\t\t\t\t<div class=\"elementor-spacer\">\n\t\t\t<div class=\"elementor-spacer-inner\"><\/div>\n\t\t<\/div>\n\t\t\t\t\t\t<\/div>\n\t\t\t\t<\/div>\n\t\t\t\t<\/div>\n\t\t<div class=\"elementor-element elementor-element-bc0f8be e-con-full e-flex e-con e-child\" data-id=\"bc0f8be\" data-element_type=\"container\" data-e-type=\"container\">\n\t\t\t\t<div class=\"elementor-element elementor-element-dc838f6 elementor-widget elementor-widget-menu-anchor\" data-id=\"dc838f6\" data-element_type=\"widget\" data-e-type=\"widget\" data-widget_type=\"menu-anchor.default\">\n\t\t\t\t<div class=\"elementor-widget-container\">\n\t\t\t\t\t\t\t<div class=\"elementor-menu-anchor\" id=\"prestige\"><\/div>\n\t\t\t\t\t\t<\/div>\n\t\t\t\t<\/div>\n\t\t\t\t<div class=\"elementor-element elementor-element-70024ed dce_masking-none elementor-widget elementor-widget-image\" data-id=\"70024ed\" data-element_type=\"widget\" data-e-type=\"widget\" data-widget_type=\"image.default\">\n\t\t\t\t<div class=\"elementor-widget-container\">\n\t\t\t\t\t\t\t\t\t\t\t\t\t\t\t<img loading=\"lazy\" decoding=\"async\" width=\"2560\" height=\"1920\" src=\"https:\/\/www.anthonypichon.fr\/wp-content\/uploads\/2025\/03\/plat-chef-a-domicile-anthony-pichon-81-scaled.webp\" class=\"attachment-full size-full wp-image-4091\" alt=\"\" srcset=\"https:\/\/www.anthonypichon.fr\/wp-content\/uploads\/2025\/03\/plat-chef-a-domicile-anthony-pichon-81-scaled.webp 2560w, https:\/\/www.anthonypichon.fr\/wp-content\/uploads\/2025\/03\/plat-chef-a-domicile-anthony-pichon-81-300x225.webp 300w, https:\/\/www.anthonypichon.fr\/wp-content\/uploads\/2025\/03\/plat-chef-a-domicile-anthony-pichon-81-1024x768.webp 1024w, https:\/\/www.anthonypichon.fr\/wp-content\/uploads\/2025\/03\/plat-chef-a-domicile-anthony-pichon-81-768x576.webp 768w, https:\/\/www.anthonypichon.fr\/wp-content\/uploads\/2025\/03\/plat-chef-a-domicile-anthony-pichon-81-1536x1152.webp 1536w, https:\/\/www.anthonypichon.fr\/wp-content\/uploads\/2025\/03\/plat-chef-a-domicile-anthony-pichon-81-2048x1536.webp 2048w, https:\/\/www.anthonypichon.fr\/wp-content\/uploads\/2025\/03\/plat-chef-a-domicile-anthony-pichon-81-600x450.webp 600w\" sizes=\"(max-width: 2560px) 100vw, 2560px\" \/>\t\t\t\t\t\t\t\t\t\t\t\t\t\t\t<\/div>\n\t\t\t\t<\/div>\n\t\t\t\t<\/div>\n\t\t\t\t\t<\/div>\n\t\t\t\t<\/div>\n\t\t\t\t<\/div>","protected":false},"excerpt":{"rendered":"<p>Du raffinement d\u2019un menu D\u00e9couverte \u00e0 la richesse d\u2019un menu Prestige, le chef propose une cuisine cr\u00e9ative et pr\u00e9cise, toujours guid\u00e9e par l\u2019inspiration du moment et la qualit\u00e9 des produits. \/ Menu D\u00e9couverte Entr\u00e9e PlatDessert Un menu \u00e9pur\u00e9 pour go\u00fbter \u00e0 l\u2019essentiel : la justesse des saveurs, la finesse des associations, et l\u2019inspiration du moment. [&hellip;]<\/p>\n","protected":false},"author":1,"featured_media":0,"parent":0,"menu_order":0,"comment_status":"closed","ping_status":"closed","template":"","meta":{"_acf_changed":false,"footnotes":""},"class_list":["post-3896","page","type-page","status-publish","hentry"],"acf":[],"_links":{"self":[{"href":"https:\/\/www.anthonypichon.fr\/en\/wp-json\/wp\/v2\/pages\/3896","targetHints":{"allow":["GET"]}}],"collection":[{"href":"https:\/\/www.anthonypichon.fr\/en\/wp-json\/wp\/v2\/pages"}],"about":[{"href":"https:\/\/www.anthonypichon.fr\/en\/wp-json\/wp\/v2\/types\/page"}],"author":[{"embeddable":true,"href":"https:\/\/www.anthonypichon.fr\/en\/wp-json\/wp\/v2\/users\/1"}],"replies":[{"embeddable":true,"href":"https:\/\/www.anthonypichon.fr\/en\/wp-json\/wp\/v2\/comments?post=3896"}],"version-history":[{"count":107,"href":"https:\/\/www.anthonypichon.fr\/en\/wp-json\/wp\/v2\/pages\/3896\/revisions"}],"predecessor-version":[{"id":5083,"href":"https:\/\/www.anthonypichon.fr\/en\/wp-json\/wp\/v2\/pages\/3896\/revisions\/5083"}],"wp:attachment":[{"href":"https:\/\/www.anthonypichon.fr\/en\/wp-json\/wp\/v2\/media?parent=3896"}],"curies":[{"name":"wp","href":"https:\/\/api.w.org\/{rel}","templated":true}]}}