{"id":3899,"date":"2025-03-27T14:17:06","date_gmt":"2025-03-27T13:17:06","guid":{"rendered":"https:\/\/www.anthonypichon.fr\/?page_id=3899"},"modified":"2026-05-04T13:47:15","modified_gmt":"2026-05-04T11:47:15","slug":"home-chef-var-83","status":"publish","type":"page","link":"https:\/\/www.anthonypichon.fr\/en\/home-chef-var-83\/","title":{"rendered":"Universe"},"content":{"rendered":"<div data-elementor-type=\"wp-page\" data-elementor-id=\"3899\" class=\"elementor elementor-3899\" data-elementor-post-type=\"page\">\n\t\t\t\t<div data-dce-background-color=\"#000000\" class=\"elementor-element elementor-element-cc6c2fa e-flex e-con-boxed e-con e-parent\" data-id=\"cc6c2fa\" data-element_type=\"container\" data-e-type=\"container\" data-settings=\"{&quot;background_background&quot;:&quot;classic&quot;}\">\n\t\t\t\t\t<div class=\"e-con-inner\">\n\t\t\t\t<div data-dce-title-color=\"#FFFFFF\" class=\"elementor-element elementor-element-35376e3 elementor-widget elementor-widget-heading\" data-id=\"35376e3\" data-element_type=\"widget\" data-e-type=\"widget\" data-widget_type=\"heading.default\">\n\t\t\t\t<div class=\"elementor-widget-container\">\n\t\t\t\t\t<h1 class=\"elementor-heading-title elementor-size-default\">The chef&#039;s universe<\/h1>\t\t\t\t<\/div>\n\t\t\t\t<\/div>\n\t\t\t\t<div data-dce-text-color=\"#FFFFFF\" class=\"elementor-element elementor-element-eb1f6ad elementor-widget elementor-widget-text-editor\" data-id=\"eb1f6ad\" data-element_type=\"widget\" data-e-type=\"widget\" data-widget_type=\"text-editor.default\">\n\t\t\t\t<div class=\"elementor-widget-container\">\n\t\t\t\t\t\t\t\t\t<p>Anthony Pichon, a passionate private chef, offers gourmet, creative, and tailor-made cuisine, inspired by his experiences around the world, to make every meal at home an exceptional moment.<\/p>\t\t\t\t\t\t\t\t<\/div>\n\t\t\t\t<\/div>\n\t\t\t\t\t<\/div>\n\t\t\t\t<\/div>\n\t\t<div class=\"elementor-element elementor-element-c47bd68 e-flex e-con-boxed e-con e-parent\" data-id=\"c47bd68\" data-element_type=\"container\" data-e-type=\"container\">\n\t\t\t\t\t<div class=\"e-con-inner\">\n\t\t<div class=\"elementor-element elementor-element-5a3e144 e-con-full e-flex e-con e-child\" data-id=\"5a3e144\" data-element_type=\"container\" data-e-type=\"container\">\n\t\t\t\t<div class=\"elementor-element elementor-element-135408c elementor-widget elementor-widget-heading\" data-id=\"135408c\" data-element_type=\"widget\" data-e-type=\"widget\" data-widget_type=\"heading.default\">\n\t\t\t\t<div class=\"elementor-widget-container\">\n\t\t\t\t\t<h2 class=\"elementor-heading-title elementor-size-default\">\/ A story<\/h2>\t\t\t\t<\/div>\n\t\t\t\t<\/div>\n\t\t\t\t<div class=\"elementor-element elementor-element-dc4077f elementor-widget elementor-widget-text-editor\" data-id=\"dc4077f\" data-element_type=\"widget\" data-e-type=\"widget\" data-widget_type=\"text-editor.default\">\n\t\t\t\t<div class=\"elementor-widget-container\">\n\t\t\t\t\t\t\t\t\t<p>It was with his maternal grandmother that Anthony Pichon discovered the art of cooking at a very early age, in an atmosphere marked by conviviality and transmission. A graduate in cuisine, he chose in 2012 to explore the finest restaurants, from London to Dubai, from Monaco to Sardinia.<\/p><p>These trips became the scene of his culinary development: as a chef, he explored demanding gastronomic universes, refined his rigor, developed his sense of elegance, and forged a know-how in the service of taste and creativity.<\/p>\t\t\t\t\t\t\t\t<\/div>\n\t\t\t\t<\/div>\n\t\t\t\t<\/div>\n\t\t<div class=\"elementor-element elementor-element-08d170c e-con-full e-flex e-con e-child\" data-id=\"08d170c\" data-element_type=\"container\" data-e-type=\"container\">\n\t\t\t\t<div class=\"elementor-element elementor-element-c1a2fcf dce_masking-none elementor-widget elementor-widget-image\" data-id=\"c1a2fcf\" data-element_type=\"widget\" data-e-type=\"widget\" data-widget_type=\"image.default\">\n\t\t\t\t<div class=\"elementor-widget-container\">\n\t\t\t\t\t\t\t\t\t\t\t\t\t\t\t<img fetchpriority=\"high\" decoding=\"async\" width=\"960\" height=\"1025\" src=\"https:\/\/www.anthonypichon.fr\/wp-content\/uploads\/2025\/03\/histoire-anthony-pichon-chef.webp\" class=\"attachment-full size-full wp-image-3913\" alt=\"history of Anthony Pichon, chef\" srcset=\"https:\/\/www.anthonypichon.fr\/wp-content\/uploads\/2025\/03\/histoire-anthony-pichon-chef.webp 960w, https:\/\/www.anthonypichon.fr\/wp-content\/uploads\/2025\/03\/histoire-anthony-pichon-chef-281x300.webp 281w, https:\/\/www.anthonypichon.fr\/wp-content\/uploads\/2025\/03\/histoire-anthony-pichon-chef-768x820.webp 768w, https:\/\/www.anthonypichon.fr\/wp-content\/uploads\/2025\/03\/histoire-anthony-pichon-chef-600x641.webp 600w\" sizes=\"(max-width: 960px) 100vw, 960px\" \/>\t\t\t\t\t\t\t\t\t\t\t\t\t\t\t<\/div>\n\t\t\t\t<\/div>\n\t\t\t\t<\/div>\n\t\t\t\t\t<\/div>\n\t\t\t\t<\/div>\n\t\t<div class=\"elementor-element elementor-element-231645c e-flex e-con-boxed e-con e-parent\" data-id=\"231645c\" data-element_type=\"container\" data-e-type=\"container\">\n\t\t\t\t\t<div class=\"e-con-inner\">\n\t\t<div data-dce-background-overlay-color=\"#000000\" data-dce-background-image-url=\"https:\/\/www.anthonypichon.fr\/wp-content\/uploads\/2025\/04\/IMG_1045.jpg\" class=\"elementor-element elementor-element-b8fb707 e-con-full e-flex e-con e-child\" data-id=\"b8fb707\" data-element_type=\"container\" data-e-type=\"container\" data-settings=\"{&quot;background_background&quot;:&quot;classic&quot;}\">\n\t\t\t\t<div data-dce-title-color=\"#FFFFFF\" class=\"elementor-element elementor-element-1beffb0 elementor-widget elementor-widget-heading\" data-id=\"1beffb0\" data-element_type=\"widget\" data-e-type=\"widget\" data-widget_type=\"heading.default\">\n\t\t\t\t<div class=\"elementor-widget-container\">\n\t\t\t\t\t<h2 class=\"elementor-heading-title elementor-size-default\">\/ A journey<\/h2>\t\t\t\t<\/div>\n\t\t\t\t<\/div>\n\t\t\t\t<div data-dce-text-color=\"#FFFFFF\" class=\"elementor-element elementor-element-1f512f7 elementor-widget elementor-widget-text-editor\" data-id=\"1f512f7\" data-element_type=\"widget\" data-e-type=\"widget\" data-widget_type=\"text-editor.default\">\n\t\t\t\t<div class=\"elementor-widget-container\">\n\t\t\t\t\t\t\t\t\t<p>With fifteen years of experience, punctuated by culinary successes and emotions, Anthony decided to return to the essentials: human sharing, proximity, the pleasure of creating a unique experience in the intimacy of a home.<\/p><p>Back in Provence-Alpes-C\u00f4te d&#039;Azur, his native land, he now offers his services as a private chef at home, in the Var, Bouches-du-Rh\u00f4ne and Alpes-Maritimes.<\/p><p>There he offers gourmet, festive and tailor-made cuisine, where each meal becomes a special moment.<\/p>\t\t\t\t\t\t\t\t<\/div>\n\t\t\t\t<\/div>\n\t\t\t\t<\/div>\n\t\t<div data-dce-background-color=\"#000000\" class=\"elementor-element elementor-element-792bd2e e-con-full e-flex e-con e-child\" data-id=\"792bd2e\" data-element_type=\"container\" data-e-type=\"container\" data-settings=\"{&quot;background_background&quot;:&quot;classic&quot;}\">\n\t\t\t\t<div data-dce-title-color=\"#FFFFFF\" class=\"elementor-element elementor-element-3abf404 elementor-widget elementor-widget-heading\" data-id=\"3abf404\" data-element_type=\"widget\" data-e-type=\"widget\" data-widget_type=\"heading.default\">\n\t\t\t\t<div class=\"elementor-widget-container\">\n\t\t\t\t\t<h2 class=\"elementor-heading-title elementor-size-default\">\/ A Vision<\/h2>\t\t\t\t<\/div>\n\t\t\t\t<\/div>\n\t\t\t\t<div data-dce-text-color=\"#FFFFFF\" class=\"elementor-element elementor-element-4efd6c1 elementor-widget elementor-widget-text-editor\" data-id=\"4efd6c1\" data-element_type=\"widget\" data-e-type=\"widget\" data-widget_type=\"text-editor.default\">\n\t\t\t\t<div class=\"elementor-widget-container\">\n\t\t\t\t\t\t\t\t\t<p>His fine and inspired cuisine navigates freely between French, Italian and Asian influences, with a marked predilection for Japanese gastronomy. <br \/><br \/>Anthony never forces flavor combinations; he prefers to let them interact naturally, in a subtle and delicious harmony. He puts his passion at the service of his guests&#039; pleasure, creating moments of sharing, emotion, and discovery, always in the comfort and warmth of home.<\/p>\t\t\t\t\t\t\t\t<\/div>\n\t\t\t\t<\/div>\n\t\t\t\t<\/div>\n\t\t\t\t\t<\/div>\n\t\t\t\t<\/div>\n\t\t\t\t<\/div>","protected":false},"excerpt":{"rendered":"<p>L&rsquo;univers du chef Anthony Pichon, chef priv\u00e9 passionn\u00e9, vous propose une cuisine gastronomique, cr\u00e9ative et sur-mesure, inspir\u00e9e de ses exp\u00e9riences aux quatre coins du monde, pour faire de chaque repas \u00e0 domicile un moment d\u2019exception. \/ Une histoire C\u2019est aupr\u00e8s de sa grand-m\u00e8re maternelle qu\u2019Anthony Pichon d\u00e9couvre tr\u00e8s t\u00f4t l\u2019art de la cuisine, dans une [&hellip;]<\/p>\n","protected":false},"author":1,"featured_media":0,"parent":0,"menu_order":0,"comment_status":"closed","ping_status":"closed","template":"","meta":{"_acf_changed":false,"footnotes":""},"class_list":["post-3899","page","type-page","status-publish","hentry"],"acf":[],"_links":{"self":[{"href":"https:\/\/www.anthonypichon.fr\/en\/wp-json\/wp\/v2\/pages\/3899","targetHints":{"allow":["GET"]}}],"collection":[{"href":"https:\/\/www.anthonypichon.fr\/en\/wp-json\/wp\/v2\/pages"}],"about":[{"href":"https:\/\/www.anthonypichon.fr\/en\/wp-json\/wp\/v2\/types\/page"}],"author":[{"embeddable":true,"href":"https:\/\/www.anthonypichon.fr\/en\/wp-json\/wp\/v2\/users\/1"}],"replies":[{"embeddable":true,"href":"https:\/\/www.anthonypichon.fr\/en\/wp-json\/wp\/v2\/comments?post=3899"}],"version-history":[{"count":73,"href":"https:\/\/www.anthonypichon.fr\/en\/wp-json\/wp\/v2\/pages\/3899\/revisions"}],"predecessor-version":[{"id":5101,"href":"https:\/\/www.anthonypichon.fr\/en\/wp-json\/wp\/v2\/pages\/3899\/revisions\/5101"}],"wp:attachment":[{"href":"https:\/\/www.anthonypichon.fr\/en\/wp-json\/wp\/v2\/media?parent=3899"}],"curies":[{"name":"wp","href":"https:\/\/api.w.org\/{rel}","templated":true}]}}