{"id":4018,"date":"2025-03-27T15:11:26","date_gmt":"2025-03-27T14:11:26","guid":{"rendered":"https:\/\/www.anthonypichon.fr\/?page_id=4018"},"modified":"2025-11-05T13:37:13","modified_gmt":"2025-11-05T12:37:13","slug":"experience-culinaire","status":"publish","type":"page","link":"https:\/\/www.anthonypichon.fr\/en\/offer-home-chef-cooking-classes\/experience-culinaire\/","title":{"rendered":"Exp\u00e9rience culinaire"},"content":{"rendered":"<p>Offrez un moment d\u2019exception avec un repas gastronomique pr\u00e9par\u00e9 sous vos yeux par le Chef Anthony Pichon. Plongez dans un univers de saveurs raffin\u00e9es et laissez-vous guider par un chef passionn\u00e9 qui transformera votre table en une v\u00e9ritable exp\u00e9rience culinaire.<\/p>\n\n\n\n<h4 class=\"wp-block-heading\"><strong>Au programme :<\/strong><\/h4>\n\n\n\n<p>\u2714 <strong>Un menu sur-mesure<\/strong> \u00e9labor\u00e9 avec des produits frais et de saison<br>\u2714 <strong>Une prestation \u00e0 domicile<\/strong> pour une ambiance intimiste et conviviale<br>\u2714 <strong>Un service \u00e9l\u00e9gant et soign\u00e9<\/strong>, digne des plus belles tables<\/p>\n\n\n\n<p>Que ce soit pour un d\u00eener romantique, un \u00e9v\u00e9nement sp\u00e9cial ou un repas entre amis, laissez-vous surprendre par l\u2019art culinaire du Chef et vivez une exp\u00e9rience gastronomique unique !<\/p>\n\n\n\n<p>\ud83d\udccd <strong>R\u00e9servez d\u00e8s maintenant et offrez (4 personnes minimum) un voyage gustatif inoubliable !<\/strong><\/p>\n\n\n\n<p><\/p>","protected":false},"excerpt":{"rendered":"<p>Offrez un moment d\u2019exception avec un repas gastronomique pr\u00e9par\u00e9 sous vos yeux par le Chef Anthony Pichon. Plongez dans un univers de saveurs raffin\u00e9es et laissez-vous guider par un chef passionn\u00e9 qui transformera votre table en une v\u00e9ritable exp\u00e9rience culinaire. Au programme : \u2714 Un menu sur-mesure \u00e9labor\u00e9 avec des produits frais et de saison\u2714 [&hellip;]<\/p>\n","protected":false},"author":1,"featured_media":4705,"parent":7,"menu_order":0,"comment_status":"closed","ping_status":"closed","template":"","meta":{"_acf_changed":false,"footnotes":""},"class_list":["post-4018","page","type-page","status-publish","has-post-thumbnail","hentry"],"acf":[],"_links":{"self":[{"href":"https:\/\/www.anthonypichon.fr\/en\/wp-json\/wp\/v2\/pages\/4018","targetHints":{"allow":["GET"]}}],"collection":[{"href":"https:\/\/www.anthonypichon.fr\/en\/wp-json\/wp\/v2\/pages"}],"about":[{"href":"https:\/\/www.anthonypichon.fr\/en\/wp-json\/wp\/v2\/types\/page"}],"author":[{"embeddable":true,"href":"https:\/\/www.anthonypichon.fr\/en\/wp-json\/wp\/v2\/users\/1"}],"replies":[{"embeddable":true,"href":"https:\/\/www.anthonypichon.fr\/en\/wp-json\/wp\/v2\/comments?post=4018"}],"version-history":[{"count":4,"href":"https:\/\/www.anthonypichon.fr\/en\/wp-json\/wp\/v2\/pages\/4018\/revisions"}],"predecessor-version":[{"id":4902,"href":"https:\/\/www.anthonypichon.fr\/en\/wp-json\/wp\/v2\/pages\/4018\/revisions\/4902"}],"up":[{"embeddable":true,"href":"https:\/\/www.anthonypichon.fr\/en\/wp-json\/wp\/v2\/pages\/7"}],"wp:featuredmedia":[{"embeddable":true,"href":"https:\/\/www.anthonypichon.fr\/en\/wp-json\/wp\/v2\/media\/4705"}],"wp:attachment":[{"href":"https:\/\/www.anthonypichon.fr\/en\/wp-json\/wp\/v2\/media?parent=4018"}],"curies":[{"name":"wp","href":"https:\/\/api.w.org\/{rel}","templated":true}]}}