{"id":4025,"date":"2025-03-27T15:11:49","date_gmt":"2025-03-27T14:11:49","guid":{"rendered":"https:\/\/www.anthonypichon.fr\/?page_id=4025"},"modified":"2025-11-05T13:36:29","modified_gmt":"2025-11-05T12:36:29","slug":"cooking-class","status":"publish","type":"page","link":"https:\/\/www.anthonypichon.fr\/en\/offer-home-chef-cooking-classes\/cooking-class\/","title":{"rendered":"Cours de cuisine"},"content":{"rendered":"<p>Envie de perfectionner vos talents culinaires ou simplement de passer un moment convivial en cuisine ? Offrez (4 personnes minimum) un cours de cuisine personnalis\u00e9 avec le Chef Anthony Pichon !<\/p>\n\n\n\n<h4 class=\"wp-block-heading\"><strong>Ce que vous allez vivre :<\/strong><\/h4>\n\n\n\n<p>\ud83d\udd2a <strong>Un atelier interactif<\/strong> adapt\u00e9 \u00e0 votre niveau et \u00e0 vos envies<br>\ud83d\udcd6 <strong>Des techniques et astuces de chef<\/strong> pour sublimer vos plats<br>\ud83c\udf7d <strong>La d\u00e9gustation des cr\u00e9ations r\u00e9alis\u00e9es ensemble<\/strong><\/p>\n\n\n\n<p>Que vous soyez amateur ou passionn\u00e9, seul ou en groupe, ce cours de cuisine est une occasion unique d\u2019apprendre tout en se r\u00e9galant.<\/p>\n\n\n\n<p>\ud83d\udccd <strong>\u00c0 domicile ou dans un lieu d\u00e9di\u00e9<\/strong> \u2013 Le chef s\u2019adapte \u00e0 vos besoins pour une exp\u00e9rience sur-mesure.<\/p>\n\n\n\n<p>\ud83c\udf81 <strong>Un cadeau original pour les gourmands et les curieux !<\/strong><\/p>\n\n\n\n<p>R\u00e9servez d\u00e8s maintenant et laissez parler votre cr\u00e9ativit\u00e9 en cuisine avec le Chef Anthony Pichon !<\/p>","protected":false},"excerpt":{"rendered":"<p>Envie de perfectionner vos talents culinaires ou simplement de passer un moment convivial en cuisine ? Offrez (4 personnes minimum) un cours de cuisine personnalis\u00e9 avec le Chef Anthony Pichon ! Ce que vous allez vivre : \ud83d\udd2a Un atelier interactif adapt\u00e9 \u00e0 votre niveau et \u00e0 vos envies\ud83d\udcd6 Des techniques et astuces de chef [&hellip;]<\/p>\n","protected":false},"author":1,"featured_media":4744,"parent":7,"menu_order":0,"comment_status":"closed","ping_status":"closed","template":"","meta":{"_acf_changed":false,"footnotes":""},"class_list":["post-4025","page","type-page","status-publish","has-post-thumbnail","hentry"],"acf":[],"_links":{"self":[{"href":"https:\/\/www.anthonypichon.fr\/en\/wp-json\/wp\/v2\/pages\/4025","targetHints":{"allow":["GET"]}}],"collection":[{"href":"https:\/\/www.anthonypichon.fr\/en\/wp-json\/wp\/v2\/pages"}],"about":[{"href":"https:\/\/www.anthonypichon.fr\/en\/wp-json\/wp\/v2\/types\/page"}],"author":[{"embeddable":true,"href":"https:\/\/www.anthonypichon.fr\/en\/wp-json\/wp\/v2\/users\/1"}],"replies":[{"embeddable":true,"href":"https:\/\/www.anthonypichon.fr\/en\/wp-json\/wp\/v2\/comments?post=4025"}],"version-history":[{"count":4,"href":"https:\/\/www.anthonypichon.fr\/en\/wp-json\/wp\/v2\/pages\/4025\/revisions"}],"predecessor-version":[{"id":4901,"href":"https:\/\/www.anthonypichon.fr\/en\/wp-json\/wp\/v2\/pages\/4025\/revisions\/4901"}],"up":[{"embeddable":true,"href":"https:\/\/www.anthonypichon.fr\/en\/wp-json\/wp\/v2\/pages\/7"}],"wp:featuredmedia":[{"embeddable":true,"href":"https:\/\/www.anthonypichon.fr\/en\/wp-json\/wp\/v2\/media\/4744"}],"wp:attachment":[{"href":"https:\/\/www.anthonypichon.fr\/en\/wp-json\/wp\/v2\/media?parent=4025"}],"curies":[{"name":"wp","href":"https:\/\/api.w.org\/{rel}","templated":true}]}}