{"id":5049,"date":"2026-05-04T12:39:23","date_gmt":"2026-05-04T10:39:23","guid":{"rendered":"https:\/\/www.anthonypichon.fr\/?page_id=5049"},"modified":"2026-05-04T12:41:19","modified_gmt":"2026-05-04T10:41:19","slug":"confirmation","status":"publish","type":"page","link":"https:\/\/www.anthonypichon.fr\/en\/confirmation\/","title":{"rendered":"Confirmation"},"content":{"rendered":"<div data-elementor-type=\"wp-page\" data-elementor-id=\"5049\" class=\"elementor elementor-5049\" data-elementor-post-type=\"page\">\n\t\t\t\t<div class=\"elementor-element elementor-element-ce712ec e-flex e-con-boxed e-con e-parent\" data-id=\"ce712ec\" data-element_type=\"container\" data-e-type=\"container\">\n\t\t\t\t\t<div class=\"e-con-inner\">\n\t\t\t\t<div class=\"elementor-element elementor-element-831bb62 elementor-widget elementor-widget-heading\" data-id=\"831bb62\" data-element_type=\"widget\" data-e-type=\"widget\" data-widget_type=\"heading.default\">\n\t\t\t\t<div class=\"elementor-widget-container\">\n\t\t\t\t\t<h2 class=\"elementor-heading-title elementor-size-default\">Le formulaire a bien \u00e9t\u00e9 envoy\u00e9. Notre \u00e9quipe va revenir vers vous.<\/h2>\t\t\t\t<\/div>\n\t\t\t\t<\/div>\n\t\t\t\t<div class=\"elementor-element elementor-element-ab6dcc1 elementor-widget elementor-widget-html\" data-id=\"ab6dcc1\" data-element_type=\"widget\" data-e-type=\"widget\" data-widget_type=\"html.default\">\n\t\t\t\t<div class=\"elementor-widget-container\">\n\t\t\t\t\t<!-- Event snippet for Page vue conversion page -->\r\n<script>\r\n  gtag('event', 'conversion', {\r\n      'send_to': 'AW-18122598155\/ShZjCJXfpqccEIvOw8FD',\r\n      'value': 1.0,\r\n      'currency': 'EUR'\r\n  });\r\n<\/script>\r\n\t\t\t\t<\/div>\n\t\t\t\t<\/div>\n\t\t\t\t\t<\/div>\n\t\t\t\t<\/div>\n\t\t\t\t<\/div>","protected":false},"excerpt":{"rendered":"<p>Le formulaire a bien \u00e9t\u00e9 envoy\u00e9. Notre \u00e9quipe va revenir vers vous.<\/p>","protected":false},"author":1,"featured_media":0,"parent":0,"menu_order":0,"comment_status":"closed","ping_status":"closed","template":"","meta":{"_acf_changed":false,"footnotes":""},"class_list":["post-5049","page","type-page","status-publish","hentry"],"acf":[],"_links":{"self":[{"href":"https:\/\/www.anthonypichon.fr\/en\/wp-json\/wp\/v2\/pages\/5049","targetHints":{"allow":["GET"]}}],"collection":[{"href":"https:\/\/www.anthonypichon.fr\/en\/wp-json\/wp\/v2\/pages"}],"about":[{"href":"https:\/\/www.anthonypichon.fr\/en\/wp-json\/wp\/v2\/types\/page"}],"author":[{"embeddable":true,"href":"https:\/\/www.anthonypichon.fr\/en\/wp-json\/wp\/v2\/users\/1"}],"replies":[{"embeddable":true,"href":"https:\/\/www.anthonypichon.fr\/en\/wp-json\/wp\/v2\/comments?post=5049"}],"version-history":[{"count":4,"href":"https:\/\/www.anthonypichon.fr\/en\/wp-json\/wp\/v2\/pages\/5049\/revisions"}],"predecessor-version":[{"id":5053,"href":"https:\/\/www.anthonypichon.fr\/en\/wp-json\/wp\/v2\/pages\/5049\/revisions\/5053"}],"wp:attachment":[{"href":"https:\/\/www.anthonypichon.fr\/en\/wp-json\/wp\/v2\/media?parent=5049"}],"curies":[{"name":"wp","href":"https:\/\/api.w.org\/{rel}","templated":true}]}}